{"id":7618,"date":"2026-01-12T22:55:39","date_gmt":"2026-01-12T22:55:39","guid":{"rendered":"https:\/\/cool-style.md\/?post_type=product&#038;p=7618"},"modified":"2026-01-12T22:59:48","modified_gmt":"2026-01-12T22:59:48","slug":"jrl-travel-bag-black","status":"publish","type":"product","link":"https:\/\/cool-style.md\/ro\/product\/jrl-travel-bag-black\/","title":{"rendered":"Geant\u0103 de c\u0103l\u0103torie JRL Travel Bag Black"},"content":{"rendered":"<h2 style=\"text-align: center;\">Geant\u0103 de c\u0103l\u0103torie JRL Travel Bag Black<\/h2>\n<p><span style=\"font-size: 100%;\"><a href=\"https:\/\/cool-style.md\/wp-content\/uploads\/2026\/01\/Cool-style.md-JRL-Travel-Bag-Black-.png\"><img decoding=\"async\" class=\"wp-image-7619 alignleft\" src=\"https:\/\/cool-style.md\/wp-content\/uploads\/2026\/01\/Cool-style.md-JRL-Travel-Bag-Black--400x400.png\" alt=\"Cool-style.md JRL Travel Bag Black\" width=\"242\" height=\"242\" srcset=\"https:\/\/cool-style.md\/wp-content\/uploads\/2026\/01\/Cool-style.md-JRL-Travel-Bag-Black--400x400.png 400w, https:\/\/cool-style.md\/wp-content\/uploads\/2026\/01\/Cool-style.md-JRL-Travel-Bag-Black--280x280.png 280w, https:\/\/cool-style.md\/wp-content\/uploads\/2026\/01\/Cool-style.md-JRL-Travel-Bag-Black--768x768.png 768w, https:\/\/cool-style.md\/wp-content\/uploads\/2026\/01\/Cool-style.md-JRL-Travel-Bag-Black--300x300.png 300w, https:\/\/cool-style.md\/wp-content\/uploads\/2026\/01\/Cool-style.md-JRL-Travel-Bag-Black--510x510.png 510w, https:\/\/cool-style.md\/wp-content\/uploads\/2026\/01\/Cool-style.md-JRL-Travel-Bag-Black--100x100.png 100w, https:\/\/cool-style.md\/wp-content\/uploads\/2026\/01\/Cool-style.md-JRL-Travel-Bag-Black-.png 800w\" sizes=\"(max-width: 242px) 100vw, 242px\" \/><\/a><\/span><a href=\"https:\/\/cool-style.md\/accesorii\/\">Accesoriu<\/a> de marc\u0103 de la produc\u0103torul <a href=\"https:\/\/www.jrlusa.com\/\" target=\"_blank\" rel=\"noopener\">JRL Professional<\/a>. Este o geant\u0103 spa\u021bioas\u0103 \u0219i elegant\u0103 pentru c\u0103l\u0103torii sau uz zilnic. Este realizat\u0103 din material durabil, rezistent la ap\u0103 \u0219i murd\u0103rie. Compartimentele multiple permit organizarea eficient\u0103 a hainelor, accesoriilor, documentelor \u0219i produselor de \u00eengrijire personal\u0103.<\/p>\n<p data-start=\"1878\" data-end=\"2090\">Geanta are m\u00e2nere confortabile \u0219i curea de um\u0103r reglabil\u0103, deta\u0219abil\u0103, pentru transport u\u0219or chiar \u0219i c\u00e2nd este \u00eenc\u0103rcat\u0103 complet. Ideal\u0103 pentru c\u0103l\u0103torii, sport, deplas\u0103ri de serviciu \u0219i activit\u0103\u021bi \u00een aer liber.<\/p>\n<h3 data-start=\"2097\" data-end=\"2112\">Avantaje:<\/h3>\n<ul data-start=\"2114\" data-end=\"2520\">\n<li data-start=\"2114\" data-end=\"2194\">\n<p data-start=\"2116\" data-end=\"2194\"><strong data-start=\"2119\" data-end=\"2159\">Material rezistent la ap\u0103 \u0219i durabil<\/strong> \u2014 protejeaz\u0103 obiectele personale<\/p>\n<\/li>\n<li data-start=\"2195\" data-end=\"2264\">\n<p data-start=\"2197\" data-end=\"2264\"><strong data-start=\"2201\" data-end=\"2227\">Compartimente multiple<\/strong> \u2014 organizare u\u0219oar\u0103 \u0219i acces rapid<\/p>\n<\/li>\n<li data-start=\"2265\" data-end=\"2337\">\n<p data-start=\"2267\" data-end=\"2337\"><strong data-start=\"2269\" data-end=\"2309\">M\u00e2nere \u0219i curea de um\u0103r confortabil\u0103<\/strong> \u2014 transport u\u0219or \u0219i comod<\/p>\n<\/li>\n<li data-start=\"2338\" data-end=\"2414\">\n<p data-start=\"2340\" data-end=\"2414\"><strong data-start=\"2343\" data-end=\"2366\">U\u0219oar\u0103 \u0219i spa\u021bioas\u0103<\/strong> \u2014 ideal\u0103 pentru c\u0103l\u0103torii, sport \u0219i deplas\u0103ri<\/p>\n<\/li>\n<li data-start=\"2415\" data-end=\"2465\">\n<p data-start=\"2417\" data-end=\"2465\"><strong data-start=\"2421\" data-end=\"2437\">Durabilitate<\/strong> \u2014 rezistent\u0103 la uz zilnic<\/p>\n<\/li>\n<li data-start=\"2466\" data-end=\"2520\">\n<p data-start=\"2468\" data-end=\"2520\"><strong data-start=\"2471\" data-end=\"2488\">Design modern<\/strong> \u2014 aspect elegant \u0219i universal<\/p>\n<\/li>\n<\/ul>\n<p><span style=\"font-size: 100%;\"><\/span><\/p>","protected":false},"excerpt":{"rendered":"<p><span style=\"font-size: 100%;\">JRL Travel Bag Black &#8211; spa\u021bioas\u0103, durabil\u0103 \u0219i elegant\u0103, cu compartimente multiple \u0219i curea reglabil\u0103 pentru transport confortabil.<\/span><span style=\"font-size: 100%;\"><\/span><\/p>\n","protected":false},"featured_media":7620,"template":"","meta":[],"product_brand":[],"product_cat":[29,132],"product_tag":[],"class_list":{"0":"post-7618","1":"product","2":"type-product","3":"status-publish","4":"has-post-thumbnail","6":"product_cat-accesorii","7":"product_cat-diverse-accesorii","8":"pa_brand-jrl-professional","9":"pa_felul-produsului-geanta","10":"pa_producator-china","12":"first","13":"instock","14":"featured","15":"shipping-taxable","16":"purchasable","17":"product-type-simple"},"_links":{"self":[{"href":"https:\/\/cool-style.md\/ro\/wp-json\/wp\/v2\/product\/7618","targetHints":{"allow":["GET"]}}],"collection":[{"href":"https:\/\/cool-style.md\/ro\/wp-json\/wp\/v2\/product"}],"about":[{"href":"https:\/\/cool-style.md\/ro\/wp-json\/wp\/v2\/types\/product"}],"wp:featuredmedia":[{"embeddable":true,"href":"https:\/\/cool-style.md\/ro\/wp-json\/wp\/v2\/media\/7620"}],"wp:attachment":[{"href":"https:\/\/cool-style.md\/ro\/wp-json\/wp\/v2\/media?parent=7618"}],"wp:term":[{"taxonomy":"product_brand","embeddable":true,"href":"https:\/\/cool-style.md\/ro\/wp-json\/wp\/v2\/product_brand?post=7618"},{"taxonomy":"product_cat","embeddable":true,"href":"https:\/\/cool-style.md\/ro\/wp-json\/wp\/v2\/product_cat?post=7618"},{"taxonomy":"product_tag","embeddable":true,"href":"https:\/\/cool-style.md\/ro\/wp-json\/wp\/v2\/product_tag?post=7618"}],"curies":[{"name":"wp","href":"https:\/\/api.w.org\/{rel}","templated":true}]}}