{"id":779,"date":"2021-12-18T07:17:34","date_gmt":"2021-12-18T07:17:34","guid":{"rendered":"https:\/\/cool-style.md\/?post_type=product&#038;p=779"},"modified":"2025-09-12T07:46:24","modified_gmt":"2025-09-12T07:46:24","slug":"nishman-neck-strip","status":"publish","type":"product","link":"https:\/\/cool-style.md\/ro\/product\/nishman-neck-strip\/","title":{"rendered":"Gulere frizerie de unica folosin\u021b\u0103 Nishman Neck Strip 5 role"},"content":{"rendered":"<h2><span style=\"font-size: 75%;\">Gulere frizerie de unica folosin\u021b\u0103 <\/span><span style=\"font-size: 75%;\">Nishman Neck Strip<\/span><\/h2>\n<p>Gulerele de unica folosin\u021b\u0103 <a href=\"https:\/\/nishman.com.tr\/\" target=\"_blank\" rel=\"noopener\">Nishman<\/a>\u00a0sunt un <a href=\"https:\/\/cool-style.md\/ru\/accesorii\/\">accesoriu<\/a> esential pentru orice salon pentru a proteja pielea clientului de lichide fierbinti, stropi, murdarie, praf, vopsea, lipici si fire de par fine. Un guler de h\u00e2rtie de unic\u0103 folosin\u021b\u0103 perfect pentru orice tunsoare sau b\u0103rbierit de calitate. Gulerele sunt impermeabile, flexibile \u0219i reglabile la toate m\u0103rimile. Gulerele sunt f\u0103cut din h\u00e2rtie creponat\u0103.<\/p>\n<p><strong>Cantitate:<\/strong> 5 rulouri<\/p>\n<p><strong>Material:<\/strong> h\u00e2rtie<\/p>","protected":false},"excerpt":{"rendered":"<p><span style=\"font-size: 100%;\">Nishman Neck Strip v\u0103 va ajuta s\u0103 proteja\u021bi \u00eembr\u0103c\u0103mintea clientului de murd\u0103rie \u00een timpul lucrului.<\/span><span style=\"font-size: 100%;\"><\/span><\/p>\n","protected":false},"featured_media":780,"template":"","meta":[],"product_brand":[],"product_cat":[29,262,132],"product_tag":[],"class_list":{"0":"post-779","1":"product","2":"type-product","3":"status-publish","4":"has-post-thumbnail","6":"product_cat-accesorii","7":"product_cat-unica-folosinta","8":"product_cat-diverse-accesorii","9":"pa_brand-nishman","10":"pa_producator-turcia","11":"pa_volum-5rol","13":"first","14":"instock","15":"shipping-taxable","16":"purchasable","17":"product-type-simple"},"_links":{"self":[{"href":"https:\/\/cool-style.md\/ro\/wp-json\/wp\/v2\/product\/779","targetHints":{"allow":["GET"]}}],"collection":[{"href":"https:\/\/cool-style.md\/ro\/wp-json\/wp\/v2\/product"}],"about":[{"href":"https:\/\/cool-style.md\/ro\/wp-json\/wp\/v2\/types\/product"}],"wp:featuredmedia":[{"embeddable":true,"href":"https:\/\/cool-style.md\/ro\/wp-json\/wp\/v2\/media\/780"}],"wp:attachment":[{"href":"https:\/\/cool-style.md\/ro\/wp-json\/wp\/v2\/media?parent=779"}],"wp:term":[{"taxonomy":"product_brand","embeddable":true,"href":"https:\/\/cool-style.md\/ro\/wp-json\/wp\/v2\/product_brand?post=779"},{"taxonomy":"product_cat","embeddable":true,"href":"https:\/\/cool-style.md\/ro\/wp-json\/wp\/v2\/product_cat?post=779"},{"taxonomy":"product_tag","embeddable":true,"href":"https:\/\/cool-style.md\/ro\/wp-json\/wp\/v2\/product_tag?post=779"}],"curies":[{"name":"wp","href":"https:\/\/api.w.org\/{rel}","templated":true}]}}