{"id":781,"date":"2021-12-18T10:44:37","date_gmt":"2021-12-18T10:44:37","guid":{"rendered":"https:\/\/cool-style.md\/?post_type=product&#038;p=781"},"modified":"2024-12-10T17:25:22","modified_gmt":"2024-12-10T17:25:22","slug":"nishman-instant-hand-sanitizer","status":"publish","type":"product","link":"https:\/\/cool-style.md\/ro\/product\/nishman-instant-hand-sanitizer\/","title":{"rendered":"Gel dezinfectant pentru m\u00eeini Nishman Instant Hand Sanitizer 250ml"},"content":{"rendered":"<h2><span style=\"font-size: 75%;\">Gel dezinfectant pentru m\u00eeini Nishman Instant Hand Sanitizer<\/span><\/h2>\n<p><img decoding=\"async\" class=\"size-medium wp-image-782 alignleft\" src=\"https:\/\/cool-style.md\/wp-content\/uploads\/2021\/12\/Cool-style.md-Nishman-Instant-Hand-Sanitizer-283x400.jpg\" alt=\"Cool-style.md Nishman Instant Hand Sanitizer\" width=\"283\" height=\"400\" srcset=\"https:\/\/cool-style.md\/wp-content\/uploads\/2021\/12\/Cool-style.md-Nishman-Instant-Hand-Sanitizer-283x400.jpg 283w, https:\/\/cool-style.md\/wp-content\/uploads\/2021\/12\/Cool-style.md-Nishman-Instant-Hand-Sanitizer.jpg 373w\" sizes=\"(max-width: 283px) 100vw, 283px\" \/>Dezinfectantul de m\u00e2ini cu aroma de l\u0103m\u00e2ie <a href=\"https:\/\/nishman.com.tr\/\" target=\"_blank\" rel=\"noopener\">Nishman<\/a> ucide 99,9% din toate bacteriile. Un <a href=\"https:\/\/nishman.com.tr\/\" target=\"_blank\" rel=\"noopener\">accesoriu<\/a> de ne\u00eenlocuit \u00een timpul unei pandemii \u0219i al r\u0103sp\u00e2ndirii viru\u0219ilor. Are efect antiseptic, protejeaz\u0103 zg\u00e2rieturile \u0219i r\u0103nile de bacterii. Folosit f\u0103r\u0103 ap\u0103 \u0219i s\u0103pun, nu este nevoie de cl\u0103tire. Nu usuc\u0103 pielea m\u00e2inilor, este potrivit pentru utilizarea zilnic\u0103.<\/p>\n<p><strong>Volum:<\/strong> 250 ml.<\/p>\n<p><strong>Aplicare:<\/strong> Freca\u021bi gelul \u00een palmele timp de aproximativ 30 de secunde \u0219i l\u0103sa\u021bi s\u0103 se usuce.<\/p>","protected":false},"excerpt":{"rendered":"<p><span style=\"font-size: 100%;\">Nishman Instant Hand Sanitizer ucide 99,9% din toate bacteriile.<\/span><span style=\"font-size: 100%;\"><\/span><\/p>\n","protected":false},"featured_media":783,"template":"","meta":[],"product_brand":[],"product_cat":[29,132],"product_tag":[],"class_list":{"0":"post-781","1":"product","2":"type-product","3":"status-publish","4":"has-post-thumbnail","6":"product_cat-accesorii","7":"product_cat-diverse-accesorii","8":"pa_brand-nishman","9":"pa_producator-turcia","10":"pa_volum-250ml","12":"first","13":"instock","14":"shipping-taxable","15":"purchasable","16":"product-type-simple"},"_links":{"self":[{"href":"https:\/\/cool-style.md\/ro\/wp-json\/wp\/v2\/product\/781","targetHints":{"allow":["GET"]}}],"collection":[{"href":"https:\/\/cool-style.md\/ro\/wp-json\/wp\/v2\/product"}],"about":[{"href":"https:\/\/cool-style.md\/ro\/wp-json\/wp\/v2\/types\/product"}],"wp:featuredmedia":[{"embeddable":true,"href":"https:\/\/cool-style.md\/ro\/wp-json\/wp\/v2\/media\/783"}],"wp:attachment":[{"href":"https:\/\/cool-style.md\/ro\/wp-json\/wp\/v2\/media?parent=781"}],"wp:term":[{"taxonomy":"product_brand","embeddable":true,"href":"https:\/\/cool-style.md\/ro\/wp-json\/wp\/v2\/product_brand?post=781"},{"taxonomy":"product_cat","embeddable":true,"href":"https:\/\/cool-style.md\/ro\/wp-json\/wp\/v2\/product_cat?post=781"},{"taxonomy":"product_tag","embeddable":true,"href":"https:\/\/cool-style.md\/ro\/wp-json\/wp\/v2\/product_tag?post=781"}],"curies":[{"name":"wp","href":"https:\/\/api.w.org\/{rel}","templated":true}]}}