{"id":858,"date":"2021-12-20T08:20:06","date_gmt":"2021-12-20T08:20:06","guid":{"rendered":"https:\/\/cool-style.md\/?post_type=product&#038;p=858"},"modified":"2024-12-04T21:07:10","modified_gmt":"2024-12-04T21:07:10","slug":"maxx-deluxe-kumral-7-0","status":"publish","type":"product","link":"https:\/\/cool-style.md\/ro\/product\/maxx-deluxe-kumral-7-0\/","title":{"rendered":"Vopsea profesional\u0103 pentru p\u0103r MAXX DELUXE Kumral 7.0 100ml"},"content":{"rendered":"<h2><span style=\"font-size: 75%;\">Vopsea profesional\u0103 pentru p\u0103r MAXX DELUXE Kumral 7.0 Krem T\u00fcp Boya<\/span><\/h2>\n<p><a href=\"https:\/\/cool-style.md\/ro\/cosmetice-femei\/vopsele-par\/\"><img decoding=\"async\" class=\" wp-image-860 alignleft\" src=\"https:\/\/cool-style.md\/wp-content\/uploads\/2021\/12\/Cool-style.md-MAXX-DELUXE-Kumral-7.0-364x400.jpg\" alt=\"Cool-style.md MAXX DELUXE Kumral 7.0\" width=\"239\" height=\"263\" srcset=\"https:\/\/cool-style.md\/wp-content\/uploads\/2021\/12\/Cool-style.md-MAXX-DELUXE-Kumral-7.0-364x400.jpg 364w, https:\/\/cool-style.md\/wp-content\/uploads\/2021\/12\/Cool-style.md-MAXX-DELUXE-Kumral-7.0-510x561.jpg 510w, https:\/\/cool-style.md\/wp-content\/uploads\/2021\/12\/Cool-style.md-MAXX-DELUXE-Kumral-7.0.jpg 582w\" sizes=\"(max-width: 239px) 100vw, 239px\" \/>Vopsea pentru p\u0103r<\/a> <a href=\"https:\/\/lilakozmetik.com\/en\/maxx\/\" target=\"_blank\" rel=\"noopener\">MAXX DELUXE<\/a> este un produs profesional care v\u0103 va ajuta s\u0103 ob\u021bine\u021bi culoarea p\u0103rului dorit\u0103 f\u0103r\u0103 a o deteriora. Cu toate acestea, este important s\u0103 re\u021bine\u021bi c\u0103 unul dintre cei mai importan\u021bi pa\u0219i \u00een vopsirea p\u0103rului este alegerea oxidantului potrivit. Alegerea gre\u0219it\u0103 a oxidan\u021bilor \u0219i amestecarea acestora cu vopsea poate duce la consecin\u021be nedorite. Din acest motiv, oxidantul trebuie ales la fel de atent ca \u0219i vopseaua. Se recomand\u0103 utilizarea oxidantului de aceea\u0219i marc\u0103.<\/p>\n<p>Raportul de amestecare, metoda de aplicare \u0219i timpul de \u00eent\u0103rire pot varia \u00een func\u021bie de rezultatul dorit. Folosi\u021bi m\u0103nu\u0219i de unic\u0103 folosin\u021b\u0103 \u0219i un \u0219or\u021b de protec\u021bie pentru a proteja m\u00e2inile \u0219i \u00eembr\u0103c\u0103mintea de vopsea \u00een timpul aplic\u0103rii. Nu folosi\u021bi recipiente metalice sau unelte pentru amestecarea \u0219i aplicarea vopselei. Culoarea final\u0103 a p\u0103rului depinde direct de timpul \u00eent\u0103rire compozi\u021biei pe p\u0103r.<\/p>\n<p><strong>Volum:<\/strong> 100 ml<\/p>\n<p><strong>Culoare:<\/strong> Cafeniu<\/p>","protected":false},"excerpt":{"rendered":"<p><span style=\"font-size: 100%;\">MAXX DELUXE Kumral 7.0 produs profesional, ofer\u0103 culoarea dorit\u0103 f\u0103r\u0103 a deteriora p\u0103rul.<\/span><span style=\"font-size: 100%;\"><\/span><\/p>\n","protected":false},"featured_media":859,"template":"","meta":[],"product_brand":[],"product_cat":[37],"product_tag":[],"class_list":{"0":"post-858","1":"product","2":"type-product","3":"status-publish","4":"has-post-thumbnail","6":"product_cat-vopsele-par","7":"pa_brand-maxx-deluxe","8":"pa_culoarea-maro","9":"pa_felul-produsului-tip-vopsele","10":"pa_producator-turcia","11":"pa_volum-100ml","13":"first","14":"instock","15":"shipping-taxable","16":"purchasable","17":"product-type-simple"},"_links":{"self":[{"href":"https:\/\/cool-style.md\/ro\/wp-json\/wp\/v2\/product\/858","targetHints":{"allow":["GET"]}}],"collection":[{"href":"https:\/\/cool-style.md\/ro\/wp-json\/wp\/v2\/product"}],"about":[{"href":"https:\/\/cool-style.md\/ro\/wp-json\/wp\/v2\/types\/product"}],"wp:featuredmedia":[{"embeddable":true,"href":"https:\/\/cool-style.md\/ro\/wp-json\/wp\/v2\/media\/859"}],"wp:attachment":[{"href":"https:\/\/cool-style.md\/ro\/wp-json\/wp\/v2\/media?parent=858"}],"wp:term":[{"taxonomy":"product_brand","embeddable":true,"href":"https:\/\/cool-style.md\/ro\/wp-json\/wp\/v2\/product_brand?post=858"},{"taxonomy":"product_cat","embeddable":true,"href":"https:\/\/cool-style.md\/ro\/wp-json\/wp\/v2\/product_cat?post=858"},{"taxonomy":"product_tag","embeddable":true,"href":"https:\/\/cool-style.md\/ro\/wp-json\/wp\/v2\/product_tag?post=858"}],"curies":[{"name":"wp","href":"https:\/\/api.w.org\/{rel}","templated":true}]}}