{"id":927,"date":"2021-12-22T07:17:04","date_gmt":"2021-12-22T07:17:04","guid":{"rendered":"https:\/\/cool-style.md\/?post_type=product&#038;p=927"},"modified":"2025-02-12T07:56:47","modified_gmt":"2025-02-12T07:56:47","slug":"maxx-deluxe-oksidant-cream-9-5000ml","status":"publish","type":"product","link":"https:\/\/cool-style.md\/ro\/product\/maxx-deluxe-oksidant-cream-9-5000ml\/","title":{"rendered":"Oxidant pentru vopsea MAXX DELUXE Oksidant Cream 9% 5000ml"},"content":{"rendered":"<h2><span style=\"font-size: 75%;\">Oxidant pentru vopsea MAXX DELUXE Oksidant Cream 9%<\/span><\/h2>\n<p><img decoding=\"async\" class=\" wp-image-910 alignleft\" src=\"https:\/\/cool-style.md\/wp-content\/uploads\/2021\/12\/Cool-style.md-MAXX-Deluxe-products-433x400.jpg\" alt=\"Cool-style.md MAXX Deluxe products\" width=\"345\" height=\"319\" srcset=\"https:\/\/cool-style.md\/wp-content\/uploads\/2021\/12\/Cool-style.md-MAXX-Deluxe-products-433x400.jpg 433w, https:\/\/cool-style.md\/wp-content\/uploads\/2021\/12\/Cool-style.md-MAXX-Deluxe-products.jpg 456w\" sizes=\"(max-width: 345px) 100vw, 345px\" \/><\/p>\n<p><a href=\"https:\/\/cool-style.md\/ro\/cosmetice-femei\/vopsele-par\/\">Oxidant pentru vopsea<\/a> <a href=\"https:\/\/lilakozmetik.com\/en\/maxx\/\" target=\"_blank\" rel=\"noopener\">MAXX DELUXE<\/a> este un produs profesional care te va ajuta s\u0103 ob\u021bii culoarea dorit\u0103 a p\u0103rului f\u0103r\u0103 a deteriora. Este important de re\u021binut c\u0103 unul dintre cei mai importan\u021bi pa\u0219i \u00een vopsirea p\u0103rului este alegerea oxidantului potrivit. Alegerea gre\u0219it\u0103 a oxidan\u021bilor \u0219i amestecarea acestora cu vopsea poate duce la consecin\u021be nedorite. Din acest motiv, oxidantul trebuie ales la fel de atent ca \u0219i vopseaua. Se recomand\u0103 utilizarea oxidantului de aceea\u0219i marc\u0103.<\/p>\n<ul>\n<li>3% este recomandat pentru p\u0103rul slab, sub\u021bire \u0219i sub\u021bire;<\/li>\n<li>6% se folose\u0219te la colorarea cu 1-2 tonuri mai \u00eenchise sau mai deschise;<\/li>\n<li>9% este de preferat pentru luminarea 2-3 tonuri;<\/li>\n<li>12% atunci c\u00e2nd utiliza\u021bi tehnici profesionale de colorare.<\/li>\n<\/ul>\n<p><strong>Volum:<\/strong> 5000 ml<\/p>\n<p>&nbsp;<\/p>","protected":false},"excerpt":{"rendered":"<p><span style=\"font-size: 100%;\"><\/span><span style=\"font-size: 100%;\">MAXX DELUXE Oksidant Cream 9% <\/span><span style=\"font-size: 100%;\">produs profesional, alegerea corect\u0103 garanteaz\u0103 rezultatul corect.<\/span><span style=\"font-size: 100%;\"><\/span><\/p>\n","protected":false},"featured_media":932,"template":"","meta":[],"product_brand":[],"product_cat":[130],"product_tag":[],"class_list":{"0":"post-927","1":"product","2":"type-product","3":"status-publish","4":"has-post-thumbnail","6":"product_cat-oxidanti","7":"pa_brand-maxx-deluxe","8":"pa_felul-produsului-tip-oxidant","9":"pa_producator-turcia","10":"pa_volum-5000ml","12":"first","13":"instock","14":"shipping-taxable","15":"purchasable","16":"product-type-simple"},"_links":{"self":[{"href":"https:\/\/cool-style.md\/ro\/wp-json\/wp\/v2\/product\/927","targetHints":{"allow":["GET"]}}],"collection":[{"href":"https:\/\/cool-style.md\/ro\/wp-json\/wp\/v2\/product"}],"about":[{"href":"https:\/\/cool-style.md\/ro\/wp-json\/wp\/v2\/types\/product"}],"wp:featuredmedia":[{"embeddable":true,"href":"https:\/\/cool-style.md\/ro\/wp-json\/wp\/v2\/media\/932"}],"wp:attachment":[{"href":"https:\/\/cool-style.md\/ro\/wp-json\/wp\/v2\/media?parent=927"}],"wp:term":[{"taxonomy":"product_brand","embeddable":true,"href":"https:\/\/cool-style.md\/ro\/wp-json\/wp\/v2\/product_brand?post=927"},{"taxonomy":"product_cat","embeddable":true,"href":"https:\/\/cool-style.md\/ro\/wp-json\/wp\/v2\/product_cat?post=927"},{"taxonomy":"product_tag","embeddable":true,"href":"https:\/\/cool-style.md\/ro\/wp-json\/wp\/v2\/product_tag?post=927"}],"curies":[{"name":"wp","href":"https:\/\/api.w.org\/{rel}","templated":true}]}}