{"id":934,"date":"2024-12-08T15:06:04","date_gmt":"2024-12-08T15:06:04","guid":{"rendered":"https:\/\/cool-style.md\/?post_type=product&#038;p=934"},"modified":"2024-12-08T15:22:02","modified_gmt":"2024-12-08T15:22:02","slug":"nishman-2phase-beard-hair-conditioner-2","status":"publish","type":"product","link":"https:\/\/cool-style.md\/ro\/product\/nishman-2phase-beard-hair-conditioner-2\/","title":{"rendered":"Balsam spray bifazic pentru p\u0103r \u0219i barb\u0103 Nishman 2Phase Beard Hair Conditioner Argan Complex 400ml"},"content":{"rendered":"<h2><span style=\"font-size: 75%;\">Balsam spray bifazic Nishman 2Phase Beard Hair Conditioner<\/span><\/h2>\n<ul>\n<li>Pentru uz zilnic;<\/li>\n<li>\u00cenmoaie \u0219i hr\u0103ne\u0219te p\u0103rul;<\/li>\n<li>Faciliteaz\u0103 piept\u0103narea;<\/li>\n<li>Normalizeaz\u0103 activitatea glandelor sebacee;<\/li>\n<li>Se folose\u0219te \u0219i pentru barb\u0103;<\/li>\n<li>Pentru toate tipurile de p\u0103r.<\/li>\n<\/ul>\n<p><a href=\"https:\/\/cool-style.md\/wp-content\/uploads\/2021\/12\/Cool-style.md-Nishman-2-Phase-Beard-Hair-Conditioner-1.png\"><img decoding=\"async\" class=\"wp-image-4096 alignleft\" src=\"https:\/\/cool-style.md\/wp-content\/uploads\/2021\/12\/Cool-style.md-Nishman-2-Phase-Beard-Hair-Conditioner-1.png\" alt=\"Cool-style.md Nishman 2 Phase Beard &amp; Hair Conditioner\" width=\"400\" height=\"400\" srcset=\"https:\/\/cool-style.md\/wp-content\/uploads\/2021\/12\/Cool-style.md-Nishman-2-Phase-Beard-Hair-Conditioner-1.png 600w, https:\/\/cool-style.md\/wp-content\/uploads\/2021\/12\/Cool-style.md-Nishman-2-Phase-Beard-Hair-Conditioner-1-400x400.png 400w, https:\/\/cool-style.md\/wp-content\/uploads\/2021\/12\/Cool-style.md-Nishman-2-Phase-Beard-Hair-Conditioner-1-280x280.png 280w, https:\/\/cool-style.md\/wp-content\/uploads\/2021\/12\/Cool-style.md-Nishman-2-Phase-Beard-Hair-Conditioner-1-300x300.png 300w, https:\/\/cool-style.md\/wp-content\/uploads\/2021\/12\/Cool-style.md-Nishman-2-Phase-Beard-Hair-Conditioner-1-510x510.png 510w, https:\/\/cool-style.md\/wp-content\/uploads\/2021\/12\/Cool-style.md-Nishman-2-Phase-Beard-Hair-Conditioner-1-100x100.png 100w\" sizes=\"(max-width: 400px) 100vw, 400px\" \/><\/a>Spray-balsam <a href=\"https:\/\/nishman.com.tr\/\" target=\"_blank\" rel=\"noopener\">Nishman<\/a> pentru <a href=\"https:\/\/cool-style.md\/ro\/cosmetice-barbati\/ingrijirea-par-barbati\/\">\u00eengrijirea zilnic\u0103 a p\u0103rului<\/a>. U\u0219ureaz\u0103 piept\u0103narea, repara p\u0103rul uscat \u0219i deteriorat, neteze\u0219te p\u0103rul \u0219i \u00eei confer\u0103 un aspect str\u0103lucitor. Rezultat imediat vizibil: p\u0103rul este elastic, str\u0103lucitor, u\u0219or de \u00eengrijit si plin de vitalitate. Potrivit pentru uz zilnic. Poate fi folosit pe p\u0103rul uscat sau umed.<\/p>\n<p>Argan Complex ofer\u0103 p\u0103rului \u0219i barbei nutrien\u021bii esen\u021biali de care are nevoie pentru a ar\u0103ta s\u0103n\u0103tos \u0219i vibrant.<\/p>\n<p><strong>Volum:<\/strong> 400 ml<\/p>\n<p><strong>Mod de utilizare: <\/strong>scutura bine inainte de folosire. Pulveriza\u021bi uniform pe p\u0103rul uscat sau umed de la o distan\u021ba de 15-20 cm \u0219i distribui\u021bi cu un pieptene. Modeleaz\u0103 p\u0103rul f\u0103r\u0103 cl\u0103tire.<\/p>\n<p><strong>Aten\u021bie:<\/strong> numai pentru uz extern. \u00cen caz de contact cu ochii, cl\u0103ti\u021bi cu mult\u0103 ap\u0103. A nu se lasa la indemana copiilor.<\/p>","protected":false},"excerpt":{"rendered":"<p><span style=\"font-size: 100%;\">Nishman 2Phase Beard Hair Conditioner catifeleaz\u0103 \u0219i hr\u0103ne\u0219te p\u0103rul \u0219i \u00eel face mai u\u0219or de piept\u0103nat.<\/span><span style=\"font-size: 100%;\"><\/span><\/p>\n","protected":false},"featured_media":4095,"template":"","meta":[],"product_brand":[],"product_cat":[31,32],"product_tag":[],"class_list":{"0":"post-934","1":"product","2":"type-product","3":"status-publish","4":"has-post-thumbnail","6":"product_cat-ingrijirea-par-barbati","7":"product_cat-ingrijirea-barbii","8":"pa_brand-nishman","9":"pa_felul-produsului-tip-balsam","10":"pa_producator-turcia","11":"pa_volum-400ml","13":"first","14":"instock","15":"featured","16":"shipping-taxable","17":"purchasable","18":"product-type-simple"},"_links":{"self":[{"href":"https:\/\/cool-style.md\/ro\/wp-json\/wp\/v2\/product\/934","targetHints":{"allow":["GET"]}}],"collection":[{"href":"https:\/\/cool-style.md\/ro\/wp-json\/wp\/v2\/product"}],"about":[{"href":"https:\/\/cool-style.md\/ro\/wp-json\/wp\/v2\/types\/product"}],"wp:featuredmedia":[{"embeddable":true,"href":"https:\/\/cool-style.md\/ro\/wp-json\/wp\/v2\/media\/4095"}],"wp:attachment":[{"href":"https:\/\/cool-style.md\/ro\/wp-json\/wp\/v2\/media?parent=934"}],"wp:term":[{"taxonomy":"product_brand","embeddable":true,"href":"https:\/\/cool-style.md\/ro\/wp-json\/wp\/v2\/product_brand?post=934"},{"taxonomy":"product_cat","embeddable":true,"href":"https:\/\/cool-style.md\/ro\/wp-json\/wp\/v2\/product_cat?post=934"},{"taxonomy":"product_tag","embeddable":true,"href":"https:\/\/cool-style.md\/ro\/wp-json\/wp\/v2\/product_tag?post=934"}],"curies":[{"name":"wp","href":"https:\/\/api.w.org\/{rel}","templated":true}]}}