{"id":937,"date":"2021-12-22T09:19:27","date_gmt":"2021-12-22T09:19:27","guid":{"rendered":"https:\/\/cool-style.md\/?post_type=product&#038;p=937"},"modified":"2024-12-05T07:36:19","modified_gmt":"2024-12-05T07:36:19","slug":"nishman-beard-mustache-balm","status":"publish","type":"product","link":"https:\/\/cool-style.md\/ro\/product\/nishman-beard-mustache-balm\/","title":{"rendered":"Balsam-cear\u0103 pentru barb\u0103 \u0219i musta\u021b\u0103 Nishman Beard Mustache Balm 100ml"},"content":{"rendered":"<h2><span style=\"font-size: 75%;\">Balsam-cear\u0103 pentru barb\u0103 \u0219i musta\u021b\u0103 Nishman Beard Mustache Balm<\/span><\/h2>\n<ul>\n<li>Coafare usoara si rapida;<\/li>\n<li>Ingrediente 100% naturale;<\/li>\n<li>Ofer\u0103 un aspect natural;<\/li>\n<li>Nu \u00eengreuneaz\u0103 p\u0103rul;<\/li>\n<li>\u00cenmoaie \u0219i \u00eendreapt\u0103 p\u0103rul.<\/li>\n<\/ul>\n<p><img decoding=\"async\" class=\"size-medium wp-image-940 alignleft\" src=\"https:\/\/cool-style.md\/wp-content\/uploads\/2021\/12\/Cool-style.md-Nishman-Beard-Mustache-Balm-1-281x400.jpg\" alt=\"Cool-style.md Nishman Beard Mustache Balm\" width=\"281\" height=\"400\" srcset=\"https:\/\/cool-style.md\/wp-content\/uploads\/2021\/12\/Cool-style.md-Nishman-Beard-Mustache-Balm-1-281x400.jpg 281w, https:\/\/cool-style.md\/wp-content\/uploads\/2021\/12\/Cool-style.md-Nishman-Beard-Mustache-Balm-1-510x727.jpg 510w, https:\/\/cool-style.md\/wp-content\/uploads\/2021\/12\/Cool-style.md-Nishman-Beard-Mustache-Balm-1-561x800.jpg 561w, https:\/\/cool-style.md\/wp-content\/uploads\/2021\/12\/Cool-style.md-Nishman-Beard-Mustache-Balm-1-768x1094.jpg 768w, https:\/\/cool-style.md\/wp-content\/uploads\/2021\/12\/Cool-style.md-Nishman-Beard-Mustache-Balm-1-1078x1536.jpg 1078w, https:\/\/cool-style.md\/wp-content\/uploads\/2021\/12\/Cool-style.md-Nishman-Beard-Mustache-Balm-1.jpg 1179w\" sizes=\"(max-width: 281px) 100vw, 281px\" \/><\/p>\n<p>Balsam <a href=\"https:\/\/cool-style.md\/ro\/cosmetice-barbati\/ingrijirea-barbii\/\">pentru barb\u0103<\/a> <a href=\"https:\/\/nishman.com.tr\/\" target=\"_blank\" rel=\"noopener\">Nishman<\/a> este formulat doar cu ingrediente naturale pentru a oferi un stil superior musta\u021bei \u0219i b\u0103rbii. Un balsam care catifeleaz\u0103 \u0219i \u00eendreapt\u0103 p\u0103rul din barb\u0103. Con\u021bine vitamina E \u0219i uleiuri naturale precum ulei de shea, argan, jojoba, migdale \u0219i ulei de m\u0103sline.<\/p>\n<p>O barb\u0103 \u0219i o musta\u021b\u0103 bine \u00eengrijite te vor face s\u0103 te exprimi. Este u\u0219or cu produsul nostru conceput cu un parfum lemnos unic.<\/p>\n<p><strong>Volum:<\/strong> 100 ml<\/p>\n<p><strong>Mod de utilizare:<\/strong> \u00cenainte de a aplica balsamul, sp\u0103la\u021bi-v\u0103 barba \u0219i musta\u021ba. Aplic\u0103 cear\u0103 pe barb\u0103 \u0219i musta\u021b\u0103, d\u00e2ndu-i forma pe care o dore\u0219ti.<\/p>\n<p><strong>Aten\u021bie:<\/strong> numai pentru uz extern. \u00cen caz de contact cu ochii, cl\u0103ti\u021bi cu mult\u0103 ap\u0103. A nu se lasa la indemana copiilor.<\/p>","protected":false},"excerpt":{"rendered":"<p><span style=\"font-size: 100%;\">Nishman Beard Mustache Balm catifeleaz\u0103 p\u0103rul de barb\u0103 \u0219i musta\u021b\u0103 \u0219i ajut\u0103 s\u0103-i dea forma dorit\u0103.<\/span><span style=\"font-size: 100%;\"><\/span><\/p>\n","protected":false},"featured_media":948,"template":"","meta":[],"product_brand":[],"product_cat":[32,30],"product_tag":[],"class_list":{"0":"post-937","1":"product","2":"type-product","3":"status-publish","4":"has-post-thumbnail","6":"product_cat-ingrijirea-barbii","7":"product_cat-coafarea-barbati","8":"pa_brand-nishman","9":"pa_felul-produsului-tip-ceara","10":"pa_producator-turcia","11":"pa_volum-100ml","13":"first","14":"instock","15":"featured","16":"shipping-taxable","17":"purchasable","18":"product-type-simple"},"_links":{"self":[{"href":"https:\/\/cool-style.md\/ro\/wp-json\/wp\/v2\/product\/937","targetHints":{"allow":["GET"]}}],"collection":[{"href":"https:\/\/cool-style.md\/ro\/wp-json\/wp\/v2\/product"}],"about":[{"href":"https:\/\/cool-style.md\/ro\/wp-json\/wp\/v2\/types\/product"}],"wp:featuredmedia":[{"embeddable":true,"href":"https:\/\/cool-style.md\/ro\/wp-json\/wp\/v2\/media\/948"}],"wp:attachment":[{"href":"https:\/\/cool-style.md\/ro\/wp-json\/wp\/v2\/media?parent=937"}],"wp:term":[{"taxonomy":"product_brand","embeddable":true,"href":"https:\/\/cool-style.md\/ro\/wp-json\/wp\/v2\/product_brand?post=937"},{"taxonomy":"product_cat","embeddable":true,"href":"https:\/\/cool-style.md\/ro\/wp-json\/wp\/v2\/product_cat?post=937"},{"taxonomy":"product_tag","embeddable":true,"href":"https:\/\/cool-style.md\/ro\/wp-json\/wp\/v2\/product_tag?post=937"}],"curies":[{"name":"wp","href":"https:\/\/api.w.org\/{rel}","templated":true}]}}